{"id":2,"date":"2015-09-16T04:24:25","date_gmt":"2015-09-16T04:24:25","guid":{"rendered":"http:\/\/wp431m.a10-52-158-154.qa.plesk.ru\/wordpress\/?page_id=2"},"modified":"2026-01-14T13:00:30","modified_gmt":"2026-01-14T13:00:30","slug":"sample-page","status":"publish","type":"page","link":"https:\/\/waldorfkindergarten-langen.de\/","title":{"rendered":"Herzlich Willkommen!"},"content":{"rendered":"\n<figure class=\"wp-block-image size-large\"><a href=\"http:\/\/waldorfkindergarten-langen.de\/wp-content\/uploads\/2026\/01\/Bild1_2.png\"><img decoding=\"async\" loading=\"lazy\" width=\"1024\" height=\"686\" src=\"http:\/\/waldorfkindergarten-langen.de\/wp-content\/uploads\/2026\/01\/Bild1_2-1024x686.png\" alt=\"\" class=\"wp-image-359\" srcset=\"https:\/\/waldorfkindergarten-langen.de\/wp-content\/uploads\/2026\/01\/Bild1_2-1024x686.png 1024w, https:\/\/waldorfkindergarten-langen.de\/wp-content\/uploads\/2026\/01\/Bild1_2-300x201.png 300w, https:\/\/waldorfkindergarten-langen.de\/wp-content\/uploads\/2026\/01\/Bild1_2-768x515.png 768w, https:\/\/waldorfkindergarten-langen.de\/wp-content\/uploads\/2026\/01\/Bild1_2-1536x1029.png 1536w, https:\/\/waldorfkindergarten-langen.de\/wp-content\/uploads\/2026\/01\/Bild1_2.png 1815w\" sizes=\"(max-width: 1024px) 100vw, 1024px\" \/><\/a><\/figure>\n\n\n<p><span class=\"xr_tl\"><img decoding=\"async\" loading=\"lazy\" class=\"size-medium wp-image-6 alignright\" src=\"http:\/\/waldorfkindergarten-langen.de\/wp-content\/uploads\/2015\/11\/14-300x253.png\" alt=\"14\" width=\"300\" height=\"253\" srcset=\"https:\/\/waldorfkindergarten-langen.de\/wp-content\/uploads\/2015\/11\/14-300x253.png 300w, https:\/\/waldorfkindergarten-langen.de\/wp-content\/uploads\/2015\/11\/14.png 456w\" sizes=\"(max-width: 300px) 100vw, 300px\" \/><\/span><\/p>\n<p><span class=\"xr_tl\">Wir freuen uns \u00fcber Ihr Interesse <\/span><span class=\"xr_tl\">an unserem\u00a0Waldorfkindergarten-<\/span><span class=\"xr_tl\">Langen. Neben allgemeinen <\/span><span class=\"xr_tl\">Informationen \u00fcber die <\/span><span class=\"xr_tl\">Grundideen der Waldorfp\u00e4dagogik <\/span><span class=\"xr_tl\">erhalten Sie hier Informationen <\/span><span class=\"xr_tl\">\u00fcber uns, Einblicke in die <\/span><span class=\"xr_tl\">lebendigen Abl\u00e4ufe in unserem <\/span><span class=\"xr_tl\">Kindergarten und unser Angebot <\/span><span class=\"xr_tl\">f\u00fcr Sie.<\/span><\/p>\n<p><span class=\"xr_tl\">Was Sie bereits von Anfang an <\/span><span class=\"xr_tl\">wissen sollten: der <\/span><span class=\"xr_tl\">Waldorfkindergarten Langen <\/span><span class=\"xr_tl\">besteht <i>seit 30 Jahren und steht unter privater Tr\u00e4gerschaft<\/i><\/span><span class=\"xr_tl\">.<\/span><\/p>\n<p><span class=\"xr_tl\">Entsprechend sind die Eltern in <\/span><span class=\"xr_tl\">Arbeitskreisen organisiert, um zum <\/span><span class=\"xr_tl\">Beispiel die <\/span><span class=\"xr_tl\">Eink\u00e4ufe, die Gartenarbeit und die <\/span><span class=\"xr_tl\">Instandhaltung zu t\u00e4tigen. Alles <\/span><span class=\"xr_tl\">was wir als Eltern leisten, leisten <\/span><span class=\"xr_tl\">wir f\u00fcr unsere Kinder.<\/span><\/p>","protected":false},"excerpt":{"rendered":"<p>Wir freuen uns \u00fcber Ihr Interesse an unserem\u00a0Waldorfkindergarten-Langen. Neben allgemeinen Informationen \u00fcber die Grundideen der Waldorfp\u00e4dagogik erhalten Sie hier Informationen \u00fcber uns, Einblicke in die lebendigen Abl\u00e4ufe in unserem Kindergarten und unser Angebot f\u00fcr Sie. Was Sie bereits von Anfang an wissen sollten: der Waldorfkindergarten Langen besteht seit 30 Jahren und steht unter privater Tr\u00e4gerschaft. &hellip; <a href=\"https:\/\/waldorfkindergarten-langen.de\/\" class=\"more-link\">Continue reading <span class=\"screen-reader-text\">Herzlich Willkommen!<\/span> <span class=\"meta-nav\">&rarr;<\/span><\/a><\/p>\n","protected":false},"author":1,"featured_media":0,"parent":0,"menu_order":0,"comment_status":"closed","ping_status":"open","template":"","meta":[],"_links":{"self":[{"href":"https:\/\/waldorfkindergarten-langen.de\/index.php?rest_route=\/wp\/v2\/pages\/2"}],"collection":[{"href":"https:\/\/waldorfkindergarten-langen.de\/index.php?rest_route=\/wp\/v2\/pages"}],"about":[{"href":"https:\/\/waldorfkindergarten-langen.de\/index.php?rest_route=\/wp\/v2\/types\/page"}],"author":[{"embeddable":true,"href":"https:\/\/waldorfkindergarten-langen.de\/index.php?rest_route=\/wp\/v2\/users\/1"}],"replies":[{"embeddable":true,"href":"https:\/\/waldorfkindergarten-langen.de\/index.php?rest_route=%2Fwp%2Fv2%2Fcomments&post=2"}],"version-history":[{"count":18,"href":"https:\/\/waldorfkindergarten-langen.de\/index.php?rest_route=\/wp\/v2\/pages\/2\/revisions"}],"predecessor-version":[{"id":361,"href":"https:\/\/waldorfkindergarten-langen.de\/index.php?rest_route=\/wp\/v2\/pages\/2\/revisions\/361"}],"wp:attachment":[{"href":"https:\/\/waldorfkindergarten-langen.de\/index.php?rest_route=%2Fwp%2Fv2%2Fmedia&parent=2"}],"curies":[{"name":"wp","href":"https:\/\/api.w.org\/{rel}","templated":true}]}}