{"id":36,"date":"2015-11-26T14:48:50","date_gmt":"2015-11-26T14:48:50","guid":{"rendered":"http:\/\/waldorfkindergarten-langen.de\/?page_id=36"},"modified":"2015-11-26T14:48:50","modified_gmt":"2015-11-26T14:48:50","slug":"impressum","status":"publish","type":"page","link":"https:\/\/waldorfkindergarten-langen.de\/?page_id=36","title":{"rendered":"Impressum"},"content":{"rendered":"<p><span class=\"xr_tl\">Verantwortlich gem\u00e4\u00df Teledienstgesetz (TDG) \u00a76:<br \/>\n<\/span><span class=\"xr_tl\">Verein zur F\u00f6rderung der Waldorfp\u00e4dagogik Langen e.V.<br \/>\n<\/span><span class=\"xr_tl\">Registergericht: Amtsgericht Offenbach\/M.<br \/>\n<\/span><span class=\"xr_tl\">Registernummer: VR 3547<\/span><\/p>\n<p><span class=\"xr_tl\">Waldorfkindergarten Langen<br \/>\n<\/span><span class=\"xr_tl\">Bahnstra\u00dfe 17<br \/>\n63225 Langen<\/span><\/p>\n<p><span class=\"xr_tl\">Telefon: (0 61 03) 5 36 95<br \/>\n<\/span><span class=\"xr_tl\">E-Mail: kontakt@waldorfkindergarten-langen.de<br \/>\n<\/span><span class=\"xr_tl\">www.waldorfkindergarten-langen.de<\/span><\/p>\n<p><span class=\"xr_tl\">Bankverbindung:<br \/>\n<\/span><span class=\"xr_tl\">Sparkasse Langen Seligenstadt<br \/>\n<\/span><span class=\"xr_tl\">BIC: HELADEF1SLS<br \/>\n<\/span><span class=\"xr_tl\">IBAN: DE48506521240033002247<\/span><\/p>\n<p><span class=\"xr_tl\"><strong>Haftungshinweis<\/strong><br \/>\n<\/span><span class=\"xr_tl\">Trotz sorgf\u00e4ltiger inhaltlicher Kontrolle \u00fcbernehmen wir keine Haftung f\u00fcr die Inhalte externer Links. F\u00fcr den Inhalt der verlinkten <\/span><span class=\"xr_tl\">Seiten sind ausschlie\u00dflich deren Betreiber verantwortlich. <\/span><span class=\"xr_tl\">Haftungsausschluss:<\/span> <span class=\"xr_tl\">Die bereitgestellten Informationen auf unserer Webseite wurden gepr\u00fcft und werden regelm\u00e4\u00dfig aktualisiert. Jedoch kann keine Garantie <\/span><span class=\"xr_tl\">daf\u00fcr \u00fcbernommen werden, dass alle Angaben zu jeder Zeit vollst\u00e4ndig, richtig und in letzter Aktualit\u00e4t dargestellt sind. Alle Angaben <\/span><span class=\"xr_tl\">k\u00f6nnen ohne vorherige Ank\u00fcndigung erg\u00e4nzt, entfernt oder ge\u00e4ndert werden.<\/span> <span class=\"xr_tl\">Bei Problemen oder Fragen zur Webseite wenden Sie sich bitte an: webmaster@waldorfkindergarten-langen.de<\/span><\/p>\n","protected":false},"excerpt":{"rendered":"<p>Verantwortlich gem\u00e4\u00df Teledienstgesetz (TDG) \u00a76: Verein zur F\u00f6rderung der Waldorfp\u00e4dagogik Langen e.V. Registergericht: Amtsgericht Offenbach\/M. Registernummer: VR 3547 Waldorfkindergarten Langen Bahnstra\u00dfe 17 63225 Langen Telefon: (0 61 03) 5 36 95 E-Mail: kontakt@waldorfkindergarten-langen.de www.waldorfkindergarten-langen.de Bankverbindung: Sparkasse Langen Seligenstadt BIC: HELADEF1SLS IBAN: DE48506521240033002247 Haftungshinweis Trotz sorgf\u00e4ltiger inhaltlicher Kontrolle \u00fcbernehmen wir keine Haftung f\u00fcr die Inhalte externer &hellip; <a href=\"https:\/\/waldorfkindergarten-langen.de\/?page_id=36\" class=\"more-link\">Continue reading <span class=\"screen-reader-text\">Impressum<\/span> <span class=\"meta-nav\">&rarr;<\/span><\/a><\/p>\n","protected":false},"author":1,"featured_media":0,"parent":0,"menu_order":8,"comment_status":"closed","ping_status":"closed","template":"","meta":[],"_links":{"self":[{"href":"https:\/\/waldorfkindergarten-langen.de\/index.php?rest_route=\/wp\/v2\/pages\/36"}],"collection":[{"href":"https:\/\/waldorfkindergarten-langen.de\/index.php?rest_route=\/wp\/v2\/pages"}],"about":[{"href":"https:\/\/waldorfkindergarten-langen.de\/index.php?rest_route=\/wp\/v2\/types\/page"}],"author":[{"embeddable":true,"href":"https:\/\/waldorfkindergarten-langen.de\/index.php?rest_route=\/wp\/v2\/users\/1"}],"replies":[{"embeddable":true,"href":"https:\/\/waldorfkindergarten-langen.de\/index.php?rest_route=%2Fwp%2Fv2%2Fcomments&post=36"}],"version-history":[{"count":1,"href":"https:\/\/waldorfkindergarten-langen.de\/index.php?rest_route=\/wp\/v2\/pages\/36\/revisions"}],"predecessor-version":[{"id":37,"href":"https:\/\/waldorfkindergarten-langen.de\/index.php?rest_route=\/wp\/v2\/pages\/36\/revisions\/37"}],"wp:attachment":[{"href":"https:\/\/waldorfkindergarten-langen.de\/index.php?rest_route=%2Fwp%2Fv2%2Fmedia&parent=36"}],"curies":[{"name":"wp","href":"https:\/\/api.w.org\/{rel}","templated":true}]}}