{"id":39,"date":"2015-11-26T14:51:35","date_gmt":"2015-11-26T14:51:35","guid":{"rendered":"http:\/\/waldorfkindergarten-langen.de\/?page_id=39"},"modified":"2023-02-09T14:25:43","modified_gmt":"2023-02-09T14:25:43","slug":"wochenlauf","status":"publish","type":"page","link":"https:\/\/waldorfkindergarten-langen.de\/?page_id=39","title":{"rendered":"Wochenlauf"},"content":{"rendered":"<p><span class=\"xr_tl\"><a href=\"http:\/\/waldorfkindergarten-langen.de\/wp-content\/uploads\/2015\/11\/36.png\"><img decoding=\"async\" loading=\"lazy\" class=\"size-medium wp-image-14 alignright\" src=\"http:\/\/waldorfkindergarten-langen.de\/wp-content\/uploads\/2015\/11\/36-215x300.png\" alt=\"36\" width=\"215\" height=\"300\" srcset=\"https:\/\/waldorfkindergarten-langen.de\/wp-content\/uploads\/2015\/11\/36-215x300.png 215w, https:\/\/waldorfkindergarten-langen.de\/wp-content\/uploads\/2015\/11\/36.png 259w\" sizes=\"(max-width: 215px) 100vw, 215px\" \/><\/a>Da sich die gemeinsame Zubereitung der Speisen im <\/span><span class=\"xr_tl\">Wochenrhythmus wiederholt, haben wir die <\/span><span class=\"xr_tl xr_s2\"><span class=\"xr_s1\">Kindergartenwochentage nach den Speisen benannt:<\/span><\/span><\/p>\n<p><em><strong>Montag<\/strong> ist unser Milchreistag<\/em><em><br \/>\n<strong>Dienstag<\/strong> ist der Wandertag mit Brot und K\u00e4se (von M\u00e4rz bis November)<br \/>\n<\/em><em><strong>Mittwoch<\/strong> ist der Hirsebreitag<\/em><em><br \/>\n<strong>Donnerstag<\/strong> ist der Br\u00f6tchentag<br \/>\n<strong>Freitag<\/strong> ist M\u00fcslitag<\/em><\/p>\n<p><span class=\"xr_tl\">Alle Speisen werden aus biologisch-dynamischen Lebensmitteln <\/span><span class=\"xr_tl\">gemeinsam t\u00e4glich frisch zubereitet.<\/span><\/p>\n","protected":false},"excerpt":{"rendered":"<p>Da sich die gemeinsame Zubereitung der Speisen im Wochenrhythmus wiederholt, haben wir die Kindergartenwochentage nach den Speisen benannt: Montag ist unser Milchreistag Dienstag ist der Wandertag mit Brot und K\u00e4se (von M\u00e4rz bis November) Mittwoch ist der Hirsebreitag Donnerstag ist der Br\u00f6tchentag Freitag ist M\u00fcslitag Alle Speisen werden aus biologisch-dynamischen Lebensmitteln gemeinsam t\u00e4glich frisch zubereitet.<\/p>\n","protected":false},"author":1,"featured_media":0,"parent":26,"menu_order":1,"comment_status":"closed","ping_status":"closed","template":"","meta":[],"_links":{"self":[{"href":"https:\/\/waldorfkindergarten-langen.de\/index.php?rest_route=\/wp\/v2\/pages\/39"}],"collection":[{"href":"https:\/\/waldorfkindergarten-langen.de\/index.php?rest_route=\/wp\/v2\/pages"}],"about":[{"href":"https:\/\/waldorfkindergarten-langen.de\/index.php?rest_route=\/wp\/v2\/types\/page"}],"author":[{"embeddable":true,"href":"https:\/\/waldorfkindergarten-langen.de\/index.php?rest_route=\/wp\/v2\/users\/1"}],"replies":[{"embeddable":true,"href":"https:\/\/waldorfkindergarten-langen.de\/index.php?rest_route=%2Fwp%2Fv2%2Fcomments&post=39"}],"version-history":[{"count":2,"href":"https:\/\/waldorfkindergarten-langen.de\/index.php?rest_route=\/wp\/v2\/pages\/39\/revisions"}],"predecessor-version":[{"id":265,"href":"https:\/\/waldorfkindergarten-langen.de\/index.php?rest_route=\/wp\/v2\/pages\/39\/revisions\/265"}],"up":[{"embeddable":true,"href":"https:\/\/waldorfkindergarten-langen.de\/index.php?rest_route=\/wp\/v2\/pages\/26"}],"wp:attachment":[{"href":"https:\/\/waldorfkindergarten-langen.de\/index.php?rest_route=%2Fwp%2Fv2%2Fmedia&parent=39"}],"curies":[{"name":"wp","href":"https:\/\/api.w.org\/{rel}","templated":true}]}}